{"id":141,"date":"2023-06-08T08:42:37","date_gmt":"2023-06-08T08:42:37","guid":{"rendered":"https:\/\/naturheilpraxis-becker.com\/?page_id=141"},"modified":"2023-06-12T16:30:43","modified_gmt":"2023-06-12T16:30:43","slug":"leistungen","status":"publish","type":"page","link":"https:\/\/naturheilpraxis-becker.com\/?page_id=141","title":{"rendered":""},"content":{"rendered":"\n<div class=\"wp-block-group alignfull has-background\" style=\"background-color:#f8f4e4\"><div class=\"wp-block-group__inner-container is-layout-flow wp-block-group-is-layout-flow\">\n<div class=\"wp-block-columns alignwide is-layout-flex wp-container-core-columns-is-layout-28f84493 wp-block-columns-is-layout-flex\">\n<div class=\"wp-block-column is-layout-flow wp-block-column-is-layout-flow\">\n<div style=\"height:100px\" aria-hidden=\"true\" class=\"wp-block-spacer\"><\/div>\n\n\n\n<h6 class=\"wp-block-heading has-text-color\" id=\"ecosystem\" style=\"color:#000000\"><\/h6>\n\n\n\n<p class=\"has-text-color\" style=\"color:#000000;font-size:5vw;line-height:1.1\"><strong>Leistungen<\/strong>.<\/p>\n\n\n\n<div style=\"height:5px\" aria-hidden=\"true\" class=\"wp-block-spacer\"><\/div>\n<\/div>\n<\/div>\n\n\n\n<div class=\"wp-block-columns alignwide is-layout-flex wp-container-core-columns-is-layout-28f84493 wp-block-columns-is-layout-flex\">\n<div class=\"wp-block-column is-layout-flow wp-block-column-is-layout-flow\" style=\"flex-basis:33.38%\">\n<p><strong>Bioresonanz nach Paul Schmidt<\/strong><\/p>\n\n\n\n<p>Die Bioresonanz ist ein ursachenorientiertes System, welches mit bioenergetischen Schwingungen (Frequenzen) arbeitet.<\/p>\n\n\n\n<p>Es k\u00f6nnen st\u00f6rende Schwingen gemessen und wieder harmonisiert werden um bestimmte Regulationen im Organismus anzusto\u00dfen und wieder in Gang bringen kann.<br><\/p>\n\n\n\n<p>&nbsp;Dem zu Folge kann die Bioresonanz nach Paul Schmidt nicht nur zu diagnostischen Zwecken eingesetzt werden, sondern auch zur Therapie.<\/p>\n\n\n\n<p>Die Anwendungsgebiete sind breit gef\u00e4chert \u2013 sie reichen von funktionellen Schw\u00e4chen \u00fcber hormonelle St\u00f6rungen bis hin zu Allergien und Herz-Kreislauf-Beschwerden.<\/p>\n<\/div>\n\n\n\n<div class=\"wp-block-column is-layout-flow wp-block-column-is-layout-flow\" style=\"flex-basis:33%\">\n<div style=\"height:100px\" aria-hidden=\"true\" class=\"wp-block-spacer\"><\/div>\n\n\n\n<figure class=\"wp-block-image size-large\"><img decoding=\"async\" src=\"https:\/\/s.w.org\/images\/core\/5.8\/outside-01.jpg\" alt=\"The sun setting through a dense forest.\"\/><\/figure>\n<\/div>\n\n\n\n<div class=\"wp-block-column is-layout-flow wp-block-column-is-layout-flow\" style=\"flex-basis:33.62%\">\n<figure class=\"wp-block-image size-large\"><img decoding=\"async\" src=\"https:\/\/s.w.org\/images\/core\/5.8\/outside-02.jpg\" alt=\"Wind turbines standing on a grassy plain, against a blue sky.\"\/><\/figure>\n<\/div>\n<\/div>\n\n\n\n<div class=\"wp-block-columns alignwide is-layout-flex wp-container-core-columns-is-layout-28f84493 wp-block-columns-is-layout-flex\">\n<div class=\"wp-block-column is-layout-flow wp-block-column-is-layout-flow\" style=\"flex-basis:67%\"><div class=\"wp-block-image\">\n<figure class=\"alignright size-large\"><img decoding=\"async\" src=\"https:\/\/s.w.org\/images\/core\/5.8\/outside-03.jpg\" alt=\"The sun shining over a ridge leading down into the shore. In the distance, a car drives down a road.\"\/><\/figure>\n<\/div><\/div>\n\n\n\n<div class=\"wp-block-column is-vertically-aligned-center is-layout-flow wp-block-column-is-layout-flow\" style=\"flex-basis:33%\">\n<p><strong>ReiKi<\/strong><\/p>\n\n\n\n<p>Reiki bedeutet so viel wie \u201euniverselle Lebensenergie\u201c. Es ist eine sehr alte Heilkunst aus Japan. Diese wurde im 19. Jahrhundert vom Dr. Mikao Usui wiederentdeckt.<br><\/p>\n\n\n\n<p>Durch Reiki werden K\u00f6rper und Gem\u00fct wieder ins Gleichgewicht gebracht. Es wirkt auf allen 3 Ebenen: der k\u00f6rperlichen, der geistigen und der seelischen.<br><\/p>\n\n\n\n<p>Es f\u00f6rdert die Selbstheilungskr\u00e4fte, kr\u00e4ftigt K\u00f6rper und Geist, l\u00f6st Blockaden auf, reinigt von schlechten Giften, gleicht die Kraftzentren ( Chakren ) aus, stellt die Harmonie wieder her und flie\u00dft in unbegrenzter Quantit\u00e4t.<\/p>\n<\/div>\n<\/div>\n<\/div><\/div>\n","protected":false},"excerpt":{"rendered":"","protected":false},"author":1,"featured_media":0,"parent":0,"menu_order":0,"comment_status":"closed","ping_status":"closed","template":"","meta":{"footnotes":""},"class_list":["post-141","page","type-page","status-publish","hentry"],"_links":{"self":[{"href":"https:\/\/naturheilpraxis-becker.com\/index.php?rest_route=\/wp\/v2\/pages\/141","targetHints":{"allow":["GET"]}}],"collection":[{"href":"https:\/\/naturheilpraxis-becker.com\/index.php?rest_route=\/wp\/v2\/pages"}],"about":[{"href":"https:\/\/naturheilpraxis-becker.com\/index.php?rest_route=\/wp\/v2\/types\/page"}],"author":[{"embeddable":true,"href":"https:\/\/naturheilpraxis-becker.com\/index.php?rest_route=\/wp\/v2\/users\/1"}],"replies":[{"embeddable":true,"href":"https:\/\/naturheilpraxis-becker.com\/index.php?rest_route=%2Fwp%2Fv2%2Fcomments&post=141"}],"version-history":[{"count":6,"href":"https:\/\/naturheilpraxis-becker.com\/index.php?rest_route=\/wp\/v2\/pages\/141\/revisions"}],"predecessor-version":[{"id":231,"href":"https:\/\/naturheilpraxis-becker.com\/index.php?rest_route=\/wp\/v2\/pages\/141\/revisions\/231"}],"wp:attachment":[{"href":"https:\/\/naturheilpraxis-becker.com\/index.php?rest_route=%2Fwp%2Fv2%2Fmedia&parent=141"}],"curies":[{"name":"wp","href":"https:\/\/api.w.org\/{rel}","templated":true}]}}